{"id":685,"date":"2016-02-17T13:42:08","date_gmt":"2016-02-17T13:42:08","guid":{"rendered":"https:\/\/caldo-heizkoerper.de\/welcome\/"},"modified":"2021-01-18T14:02:41","modified_gmt":"2021-01-18T13:02:41","slug":"startseite","status":"publish","type":"page","link":"https:\/\/caldo-heizkoerper.de\/fr\/startseite\/","title":{"rendered":"Page d&#8217;accueil"},"content":{"rendered":"<div id='full_slider_1'  class='avia-fullwidth-slider main_color avia-shadow   avia-builder-el-0  el_before_av_section  avia-builder-el-first   container_wrap fullsize'  >\n<style type=\"text\/css\" data-created_by=\"avia_inline_auto\" id=\"style-css-av-b5m22e-aea4654449ce95abae74a90df0731af5\">\n#top #wrap_all .avia-slideshow .av-slideshow-caption.av-b5m22e-aea4654449ce95abae74a90df0731af5__0 .avia-caption-title{\nfont-size:35px;\ncolor:#000000;\n}\n#top .avia-slideshow .av-slideshow-caption.av-b5m22e-aea4654449ce95abae74a90df0731af5__0 .avia-caption-content{\nfont-size:18px;\ncolor:#000000;\n}\n#top .avia-slideshow .av-slideshow-caption.av-b5m22e-aea4654449ce95abae74a90df0731af5__0 .avia-caption-content p{\nfont-size:18px;\n}\n#top #wrap_all .avia-slideshow .av-slideshow-caption.av-b5m22e-aea4654449ce95abae74a90df0731af5__1 .avia-caption-title{\nfont-size:35px;\ncolor:#000000;\n}\n#top .avia-slideshow .av-slideshow-caption.av-b5m22e-aea4654449ce95abae74a90df0731af5__1 .avia-caption-content{\nfont-size:18px;\ncolor:#000000;\n}\n#top .avia-slideshow .av-slideshow-caption.av-b5m22e-aea4654449ce95abae74a90df0731af5__1 .avia-caption-content p{\nfont-size:18px;\n}\n#top #wrap_all .avia-slideshow .av-slideshow-caption.av-b5m22e-aea4654449ce95abae74a90df0731af5__2 .avia-caption-title{\nfont-size:35px;\ncolor:#000000;\n}\n#top .avia-slideshow .av-slideshow-caption.av-b5m22e-aea4654449ce95abae74a90df0731af5__2 .avia-caption-content{\nfont-size:18px;\ncolor:#000000;\n}\n#top .avia-slideshow .av-slideshow-caption.av-b5m22e-aea4654449ce95abae74a90df0731af5__2 .avia-caption-content p{\nfont-size:18px;\n}\n<\/style>\n<div  class='avia-slideshow av-b5m22e-aea4654449ce95abae74a90df0731af5 avia-slideshow-no scaling av_slideshow_full avia-fade-slider av-slideshow-ui av-control-minimal av-control-minimal-dark av-slideshow-autoplay av-loop-endless av-loop-manual-endless av-default-height-applied   avia-slideshow-1' data-slideshow-options=\"{&quot;animation&quot;:&quot;fade&quot;,&quot;autoplay&quot;:true,&quot;loop_autoplay&quot;:&quot;endless&quot;,&quot;interval&quot;:5,&quot;loop_manual&quot;:&quot;manual-endless&quot;,&quot;autoplay_stopper&quot;:false,&quot;noNavigation&quot;:false,&quot;bg_slider&quot;:false,&quot;keep_padding&quot;:false,&quot;hoverpause&quot;:false,&quot;show_slide_delay&quot;:0}\"  itemprop=\"image\" itemscope=\"itemscope\" itemtype=\"https:\/\/schema.org\/ImageObject\" ><ul class='avia-slideshow-inner ' style='padding-bottom: 33.333333333333%;'><li  class='avia-slideshow-slide av-b5m22e-aea4654449ce95abae74a90df0731af5__0  slide-1 slide-odd'><div data-rel='slideshow-1' class='avia-slide-wrap '   ><img decoding=\"async\" fetchpriority=\"high\" class=\"wp-image-725 avia-img-lazy-loading-not-725\"  src=\"https:\/\/caldo-heizkoerper.de\/wp-content\/uploads\/caldo-slide-1.jpg\" width=\"1920\" height=\"640\" title='caldo-slide-1' alt=''  itemprop=\"thumbnailUrl\" srcset=\"https:\/\/caldo-heizkoerper.de\/wp-content\/uploads\/caldo-slide-1.jpg 1920w, https:\/\/caldo-heizkoerper.de\/wp-content\/uploads\/caldo-slide-1-768x256.jpg 768w, https:\/\/caldo-heizkoerper.de\/wp-content\/uploads\/caldo-slide-1-1500x500.jpg 1500w, https:\/\/caldo-heizkoerper.de\/wp-content\/uploads\/caldo-slide-1-705x235.jpg 705w, https:\/\/caldo-heizkoerper.de\/wp-content\/uploads\/caldo-slide-1-450x150.jpg 450w\" sizes=\"(max-width: 1920px) 100vw, 1920px\" \/><\/div><\/li><li  class='avia-slideshow-slide av-b5m22e-aea4654449ce95abae74a90df0731af5__1  slide-2 slide-even'><div data-rel='slideshow-1' class='avia-slide-wrap '   ><img decoding=\"async\" fetchpriority=\"high\" class=\"wp-image-727 avia-img-lazy-loading-not-727\"  src=\"https:\/\/caldo-heizkoerper.de\/wp-content\/uploads\/caldo-slide-2.jpg\" width=\"1920\" height=\"640\" title='caldo-slide-2' alt=''  itemprop=\"thumbnailUrl\" srcset=\"https:\/\/caldo-heizkoerper.de\/wp-content\/uploads\/caldo-slide-2.jpg 1920w, https:\/\/caldo-heizkoerper.de\/wp-content\/uploads\/caldo-slide-2-768x256.jpg 768w, https:\/\/caldo-heizkoerper.de\/wp-content\/uploads\/caldo-slide-2-1500x500.jpg 1500w, https:\/\/caldo-heizkoerper.de\/wp-content\/uploads\/caldo-slide-2-705x235.jpg 705w, https:\/\/caldo-heizkoerper.de\/wp-content\/uploads\/caldo-slide-2-450x150.jpg 450w\" sizes=\"(max-width: 1920px) 100vw, 1920px\" \/><\/div><\/li><li  class='avia-slideshow-slide av-b5m22e-aea4654449ce95abae74a90df0731af5__2  slide-3 slide-odd'><div data-rel='slideshow-1' class='avia-slide-wrap '   ><img decoding=\"async\" fetchpriority=\"high\" class=\"wp-image-729 avia-img-lazy-loading-not-729\"  src=\"https:\/\/caldo-heizkoerper.de\/wp-content\/uploads\/caldo-slide-3.jpg\" width=\"1920\" height=\"640\" title='caldo-slide-3' alt=''  itemprop=\"thumbnailUrl\" srcset=\"https:\/\/caldo-heizkoerper.de\/wp-content\/uploads\/caldo-slide-3.jpg 1920w, https:\/\/caldo-heizkoerper.de\/wp-content\/uploads\/caldo-slide-3-768x256.jpg 768w, https:\/\/caldo-heizkoerper.de\/wp-content\/uploads\/caldo-slide-3-1500x500.jpg 1500w, https:\/\/caldo-heizkoerper.de\/wp-content\/uploads\/caldo-slide-3-705x235.jpg 705w, https:\/\/caldo-heizkoerper.de\/wp-content\/uploads\/caldo-slide-3-450x150.jpg 450w\" sizes=\"(max-width: 1920px) 100vw, 1920px\" \/><\/div><\/li><\/ul><div class='avia-slideshow-arrows avia-slideshow-controls' ><a href='#prev' class='prev-slide  avia-svg-icon avia-font-svg_entypo-fontello' data-av_svg_icon='left-open-big' data-av_iconset='svg_entypo-fontello' tabindex='-1' title=\"Pr\u00e9c\u00e9dent\"><svg version=\"1.1\" xmlns=\"http:\/\/www.w3.org\/2000\/svg\" width=\"15\" height=\"32\" viewBox=\"0 0 15 32\" preserveAspectRatio=\"xMidYMid meet\" aria-labelledby='av-svg-title-1' aria-describedby='av-svg-desc-1' role=\"graphics-symbol\" aria-hidden=\"true\">\n<title id='av-svg-title-1'>Pr\u00e9c\u00e9dent<\/title>\n<desc id='av-svg-desc-1'>Pr\u00e9c\u00e9dent<\/desc>\n<path d=\"M14.464 27.84q0.832 0.832 0 1.536-0.832 0.832-1.536 0l-12.544-12.608q-0.768-0.768 0-1.6l12.544-12.608q0.704-0.832 1.536 0 0.832 0.704 0 1.536l-11.456 11.904z\"><\/path>\n<\/svg><span class='avia_hidden_link_text'>Pr\u00e9c\u00e9dent<\/span><\/a><a href='#next' class='next-slide  avia-svg-icon avia-font-svg_entypo-fontello' data-av_svg_icon='right-open-big' data-av_iconset='svg_entypo-fontello' tabindex='-1' title=\"Suivant\"><svg version=\"1.1\" xmlns=\"http:\/\/www.w3.org\/2000\/svg\" width=\"15\" height=\"32\" viewBox=\"0 0 15 32\" preserveAspectRatio=\"xMidYMid meet\" aria-labelledby='av-svg-title-2' aria-describedby='av-svg-desc-2' role=\"graphics-symbol\" aria-hidden=\"true\">\n<title id='av-svg-title-2'>Suivant<\/title>\n<desc id='av-svg-desc-2'>Suivant<\/desc>\n<path d=\"M0.416 27.84l11.456-11.84-11.456-11.904q-0.832-0.832 0-1.536 0.832-0.832 1.536 0l12.544 12.608q0.768 0.832 0 1.6l-12.544 12.608q-0.704 0.832-1.536 0-0.832-0.704 0-1.536z\"><\/path>\n<\/svg><span class='avia_hidden_link_text'>Suivant<\/span><\/a><\/div><div class='avia-slideshow-dots avia-slideshow-controls'><a href='#1' class='goto-slide active' >1<\/a><a href='#2' class='goto-slide ' >2<\/a><a href='#3' class='goto-slide ' >3<\/a><\/div><\/div><\/div>\n\n<style type=\"text\/css\" data-created_by=\"avia_inline_auto\" id=\"style-css-av-jt792-cf528edbcc44cef1b9f135d3a5880ef3\">\n.avia-section.av-jt792-cf528edbcc44cef1b9f135d3a5880ef3{\nbackground-color:#616161;\nbackground-image:unset;\n}\n<\/style>\n<div id='av_section_1'  class='avia-section av-jt792-cf528edbcc44cef1b9f135d3a5880ef3 main_color avia-section-large avia-no-border-styling  avia-builder-el-1  el_after_av_slideshow_full  el_before_av_section  avia-bg-style-scroll container_wrap fullsize'  ><div class='container av-section-cont-open' ><div class='template-page content  av-content-full alpha units'><div class='post-entry post-entry-type-page post-entry-685'><div class='entry-content-wrapper clearfix'>\n\n<style type=\"text\/css\" data-created_by=\"avia_inline_auto\" id=\"style-css-av-62gm-024b5cd686f4855ef5d04cd654d9ea7e\">\n.flex_column.av-62gm-024b5cd686f4855ef5d04cd654d9ea7e{\nborder-radius:0px 0px 0px 0px;\npadding:0px 0px 0px 0px;\n}\n<\/style>\n<div  class='flex_column av-62gm-024b5cd686f4855ef5d04cd654d9ea7e av_one_full  avia-builder-el-2  avia-builder-el-no-sibling  first flex_column_div av-zero-column-padding  '     ><style type=\"text\/css\" data-created_by=\"avia_inline_auto\" id=\"style-css-av-jhbsck7w-0023dfedeaf14d8517c8f9d44db387bc\">\n#top .av-special-heading.av-jhbsck7w-0023dfedeaf14d8517c8f9d44db387bc{\npadding-bottom:0;\ncolor:#ffffff;\nfont-size:36px;\n}\nbody .av-special-heading.av-jhbsck7w-0023dfedeaf14d8517c8f9d44db387bc .av-special-heading-tag .heading-char{\nfont-size:25px;\n}\n#top #wrap_all .av-special-heading.av-jhbsck7w-0023dfedeaf14d8517c8f9d44db387bc .av-special-heading-tag{\nfont-size:36px;\n}\n.av-special-heading.av-jhbsck7w-0023dfedeaf14d8517c8f9d44db387bc .special-heading-inner-border{\nborder-color:#ffffff;\n}\n.av-special-heading.av-jhbsck7w-0023dfedeaf14d8517c8f9d44db387bc .av-subheading{\nfont-size:15px;\n}\n\n@media only screen and (min-width: 480px) and (max-width: 767px){ \n#top #wrap_all .av-special-heading.av-jhbsck7w-0023dfedeaf14d8517c8f9d44db387bc .av-special-heading-tag{\nfont-size:0.8em;\n}\n}\n\n@media only screen and (max-width: 479px){ \n#top #wrap_all .av-special-heading.av-jhbsck7w-0023dfedeaf14d8517c8f9d44db387bc .av-special-heading-tag{\nfont-size:0.8em;\n}\n}\n<\/style>\n<div  class='av-special-heading av-jhbsck7w-0023dfedeaf14d8517c8f9d44db387bc av-special-heading-h1 custom-color-heading blockquote modern-quote  avia-builder-el-3  avia-builder-el-no-sibling  av-inherit-size'><h1 class='av-special-heading-tag '  itemprop=\"headline\"  > Chauffage individuel pour la salle de bains et l\u2019espace de vie<\/h1><div class=\"special-heading-border\"><div class=\"special-heading-inner-border\"><\/div><\/div><\/div><\/div>\n\n<\/div><\/div><\/div><!-- close content main div --><\/div><\/div><div id='av_section_2'  class='avia-section av-awtvcm-92e4a5481fb6403038cc31ea16c80571 main_color avia-section-large avia-no-border-styling  avia-builder-el-4  el_after_av_section  el_before_av_section  avia-bg-style-scroll container_wrap fullsize'  ><div class='container av-section-cont-open' ><div class='template-page content  av-content-full alpha units'><div class='post-entry post-entry-type-page post-entry-685'><div class='entry-content-wrapper clearfix'>\n\n<style type=\"text\/css\" data-created_by=\"avia_inline_auto\" id=\"style-css-av-aj8e7i-d297d3bb96ec478ff55eed701bad29d1\">\n.flex_column.av-aj8e7i-d297d3bb96ec478ff55eed701bad29d1{\nborder-radius:0px 0px 0px 0px;\npadding:0px 0px 0px 0px;\n}\n<\/style>\n<div  class='flex_column av-aj8e7i-d297d3bb96ec478ff55eed701bad29d1 av_one_third  avia-builder-el-5  el_before_av_one_third  avia-builder-el-first  first flex_column_div av-zero-column-padding  '     ><style type=\"text\/css\" data-created_by=\"avia_inline_auto\" id=\"style-css-av-aa9fny-f9958bd54dcc853f4d9ab65f689102b4\">\n.iconbox.av-aa9fny-f9958bd54dcc853f4d9ab65f689102b4 .iconbox_icon{\nbackground-color:#f8f8f8;\nborder:1px solid #f8f8f8;\ncolor:#e6173c;\n}\n.iconbox.av-aa9fny-f9958bd54dcc853f4d9ab65f689102b4 .iconbox_icon.avia-svg-icon svg:first-child{\nfill:#e6173c;\nstroke:#e6173c;\n}\n<\/style>\n<article  class='iconbox iconbox_top av-aa9fny-f9958bd54dcc853f4d9ab65f689102b4 av-no-box  avia-builder-el-6  avia-builder-el-no-sibling '  itemscope=\"itemscope\" itemtype=\"https:\/\/schema.org\/CreativeWork\" ><div class=\"iconbox_content\"><header class=\"entry-content-header\" aria-label=\"Ic\u00f4ne : Entreprises\"><a href='https:\/\/caldo-heizkoerper.de\/fr\/unternehmen\/' title='Entreprises' aria-label='Entreprises'  class='iconbox_icon heading-color avia-iconfont avia-font-entypo-fontello' data-av_icon='\ue80b' data-av_iconfont='entypo-fontello' title=\"Entreprises\" desc=\"Entreprises\" ><\/a><h3 class='iconbox_content_title '  itemprop=\"headline\" ><a href='https:\/\/caldo-heizkoerper.de\/fr\/unternehmen\/' title='Entreprises' >Entreprises<\/a><\/h3><\/header><div class='iconbox_content_container '  itemprop=\"text\" ><p>Vous souhaitez en savoir plus sur notre entreprise et les raisons de nous faire confiance? Vous \u00eates au bon endroit.<\/p>\n<\/div><\/div><footer class=\"entry-footer\"><\/footer><\/article><\/div>\n<style type=\"text\/css\" data-created_by=\"avia_inline_auto\" id=\"style-css-av-a7wk3y-ca657a2f419fd8a62417faae1b991998\">\n.flex_column.av-a7wk3y-ca657a2f419fd8a62417faae1b991998{\nborder-radius:0px 0px 0px 0px;\npadding:0px 0px 0px 0px;\n}\n<\/style>\n<div  class='flex_column av-a7wk3y-ca657a2f419fd8a62417faae1b991998 av_one_third  avia-builder-el-7  el_after_av_one_third  el_before_av_one_third  flex_column_div av-zero-column-padding  '     ><style type=\"text\/css\" data-created_by=\"avia_inline_auto\" id=\"style-css-av-a35ywm-6e12d606a0103ce1358df10337780ee6\">\n.iconbox.av-a35ywm-6e12d606a0103ce1358df10337780ee6 .iconbox_icon{\nbackground-color:#f8f8f8;\nborder:1px solid #f8f8f8;\ncolor:#e6173c;\n}\n.iconbox.av-a35ywm-6e12d606a0103ce1358df10337780ee6 .iconbox_icon.avia-svg-icon svg:first-child{\nfill:#e6173c;\nstroke:#e6173c;\n}\n<\/style>\n<article  class='iconbox iconbox_top av-a35ywm-6e12d606a0103ce1358df10337780ee6 av-no-box  avia-builder-el-8  avia-builder-el-no-sibling '  itemscope=\"itemscope\" itemtype=\"https:\/\/schema.org\/CreativeWork\" ><div class=\"iconbox_content\"><header class=\"entry-content-header\" aria-label=\"Ic\u00f4ne : Des produits\"><a href='https:\/\/caldo-heizkoerper.de\/produkte\/' title='Des produits' aria-label='Des produits'  class='iconbox_icon heading-color avia-iconfont avia-font-entypo-fontello' data-av_icon='\ue859' data-av_iconfont='entypo-fontello' title=\"Des produits\" desc=\"Des produits\" ><\/a><h3 class='iconbox_content_title '  itemprop=\"headline\" ><a href='https:\/\/caldo-heizkoerper.de\/produkte\/' title='Des produits' >Des produits<\/a><\/h3><\/header><div class='iconbox_content_container '  itemprop=\"text\" ><p>Vous trouverez un aper\u00e7u de notre gamme de produits de haute qualit\u00e9 dans le secteur des radiateurs sur cette page.<\/p>\n<\/div><\/div><footer class=\"entry-footer\"><\/footer><\/article><\/div>\n<style type=\"text\/css\" data-created_by=\"avia_inline_auto\" id=\"style-css-av-9t0no6-9eb886b2ce43786c29ff5bdba8384e35\">\n.flex_column.av-9t0no6-9eb886b2ce43786c29ff5bdba8384e35{\nborder-radius:0px 0px 0px 0px;\npadding:0px 0px 0px 0px;\n}\n<\/style>\n<div  class='flex_column av-9t0no6-9eb886b2ce43786c29ff5bdba8384e35 av_one_third  avia-builder-el-9  el_after_av_one_third  avia-builder-el-last  flex_column_div av-zero-column-padding  '     ><style type=\"text\/css\" data-created_by=\"avia_inline_auto\" id=\"style-css-av-9qa2ae-fa6111f85cfc3893dc8532621c790d12\">\n.iconbox.av-9qa2ae-fa6111f85cfc3893dc8532621c790d12 .iconbox_icon{\nbackground-color:#f8f8f8;\nborder:1px solid #f8f8f8;\ncolor:#e6173c;\n}\n.iconbox.av-9qa2ae-fa6111f85cfc3893dc8532621c790d12 .iconbox_icon.avia-svg-icon svg:first-child{\nfill:#e6173c;\nstroke:#e6173c;\n}\n<\/style>\n<article  class='iconbox iconbox_top av-9qa2ae-fa6111f85cfc3893dc8532621c790d12 av-no-box  avia-builder-el-10  avia-builder-el-no-sibling '  itemscope=\"itemscope\" itemtype=\"https:\/\/schema.org\/CreativeWork\" ><div class=\"iconbox_content\"><header class=\"entry-content-header\" aria-label=\"Ic\u00f4ne : T\u00e9l\u00e9chargements\"><a href='https:\/\/caldo-heizkoerper.de\/downloads\/' title='T\u00e9l\u00e9chargements' aria-label='T\u00e9l\u00e9chargements'  class='iconbox_icon heading-color avia-iconfont avia-font-entypo-fontello' data-av_icon='\ue82d' data-av_iconfont='entypo-fontello' title=\"T\u00e9l\u00e9chargements\" desc=\"T\u00e9l\u00e9chargements\" ><\/a><h3 class='iconbox_content_title '  itemprop=\"headline\" ><a href='https:\/\/caldo-heizkoerper.de\/downloads\/' title='T\u00e9l\u00e9chargements' >T\u00e9l\u00e9chargements<\/a><\/h3><\/header><div class='iconbox_content_container '  itemprop=\"text\" ><p>Avez-vous besoin de donn\u00e9es et d&#8217;informations sur nos produits? Vous pouvez t\u00e9l\u00e9charger nos fiches produits ici.<\/p>\n<\/div><\/div><footer class=\"entry-footer\"><\/footer><\/article><\/div><\/div><\/div><\/div><!-- close content main div --><\/div><\/div>\n<style type=\"text\/css\" data-created_by=\"avia_inline_auto\" id=\"style-css-av-awtvcm-7f6ab122c121e36697f09912ef513fdf\">\n.avia-section.av-awtvcm-7f6ab122c121e36697f09912ef513fdf{\nbackground-color:#ffffff;\nbackground-image:unset;\n}\n<\/style>\n<div id='av_section_3'  class='avia-section av-awtvcm-7f6ab122c121e36697f09912ef513fdf main_color avia-section-large avia-no-border-styling  avia-builder-el-11  el_after_av_section  avia-builder-el-last  avia-bg-style-scroll container_wrap fullsize'  ><div class='container av-section-cont-open' ><div class='template-page content  av-content-full alpha units'><div class='post-entry post-entry-type-page post-entry-685'><div class='entry-content-wrapper clearfix'>\n\n<style type=\"text\/css\" data-created_by=\"avia_inline_auto\" id=\"style-css-av-e9ts6-df77c7860e3d79cdf19b03c2c2b2766a\">\n.flex_column.av-e9ts6-df77c7860e3d79cdf19b03c2c2b2766a{\nborder-radius:0px 0px 0px 0px;\npadding:0px 0px 0px 0px;\n}\n<\/style>\n<div  class='flex_column av-e9ts6-df77c7860e3d79cdf19b03c2c2b2766a av_two_third  avia-builder-el-12  el_before_av_one_third  avia-builder-el-first  first flex_column_div av-zero-column-padding  '     ><p>\n<style type=\"text\/css\" data-created_by=\"avia_inline_auto\" id=\"style-css-av-jn06vexq-490b924a839a3478707e7bbb14848467\">\n#top .av-special-heading.av-jn06vexq-490b924a839a3478707e7bbb14848467{\npadding-bottom:10px;\n}\nbody .av-special-heading.av-jn06vexq-490b924a839a3478707e7bbb14848467 .av-special-heading-tag .heading-char{\nfont-size:25px;\n}\n.av-special-heading.av-jn06vexq-490b924a839a3478707e7bbb14848467 .av-subheading{\nfont-size:15px;\n}\n<\/style>\n<div  class='av-special-heading av-jn06vexq-490b924a839a3478707e7bbb14848467 av-special-heading-h2 blockquote modern-quote  avia-builder-el-13  el_before_av_textblock  avia-builder-el-first '><h2 class='av-special-heading-tag '  itemprop=\"headline\"  >Radiateur \u00b0Caldo<\/h2><div class=\"special-heading-border\"><div class=\"special-heading-inner-border\"><\/div><\/div><\/div><br \/>\n<section  class='av_textblock_section av-jhbt4q5i-4b7495b7b71b1184d76a4e147693efd6 '   itemscope=\"itemscope\" itemtype=\"https:\/\/schema.org\/CreativeWork\" ><div class='avia_textblock'  itemprop=\"text\" ><p>Merci de l&#8217;int\u00e9r\u00eat que vous portez aux radiateurs \u00b0 Caldo. Que vous construisiez, r\u00e9noviez ou modernisiez, les radiateurs \u00b0 Caldo sont parfaitement adapt\u00e9s aux exigences particuli\u00e8res du salon et de la salle de bain et r\u00e9pondent \u00e0 vos exigences personnelles pour un radiateur individuel de haute qualit\u00e9.<\/p>\n<p>Sur les pages suivantes, vous trouverez toutes les informations sur nos produits et services.<\/p>\n<p>Contactez nous s&#8217;il vous plait. Utilisez notre formulaire de contact.<\/p>\n<p>Nous sommes l\u00e0 pour vous aider.<\/p>\n<\/div><\/section><br \/>\n\n<style type=\"text\/css\" data-created_by=\"avia_inline_auto\" id=\"style-css-av-jhbtdx2c-d131d1eb824b09ec95d9fa67d7b8300a\">\n#top .hr.hr-invisible.av-jhbtdx2c-d131d1eb824b09ec95d9fa67d7b8300a{\nheight:30px;\n}\n<\/style>\n<div  class='hr av-jhbtdx2c-d131d1eb824b09ec95d9fa67d7b8300a hr-invisible  avia-builder-el-15  el_after_av_textblock  el_before_av_button '><span class='hr-inner '><span class=\"hr-inner-style\"><\/span><\/span><\/div><br \/>\n<div  class='avia-button-wrap av-jhbtdc72-a978553388a67536142bd2381f68004a-wrap avia-button-left  avia-builder-el-16  el_after_av_hr  avia-builder-el-last '><a href='https:\/\/caldo-heizkoerper.de\/fr\/unternehmen\/'  class='avia-button av-jhbtdc72-a978553388a67536142bd2381f68004a av-link-btn avia-icon_select-no avia-size-large avia-position-left avia-color-theme-color-highlight'   aria-label=\"En savoir plus\"><span class='avia_iconbox_title' >En savoir plus<\/span><\/a><\/div><\/p><\/div>\n<style type=\"text\/css\" data-created_by=\"avia_inline_auto\" id=\"style-css-av-91k06-810a07d2325970bfc50b27d784910815\">\n.flex_column.av-91k06-810a07d2325970bfc50b27d784910815{\nborder-radius:0px 0px 0px 0px;\npadding:0px 0px 0px 0px;\n}\n<\/style>\n<div  class='flex_column av-91k06-810a07d2325970bfc50b27d784910815 av_one_third  avia-builder-el-17  el_after_av_two_third  avia-builder-el-last  flex_column_div av-zero-column-padding  '     ><style type=\"text\/css\" data-created_by=\"avia_inline_auto\" id=\"style-css-av-jhbt8tre-3d254fa20dbceeeb62519e47df16d676\">\n.avia-image-container.av-jhbt8tre-3d254fa20dbceeeb62519e47df16d676 img.avia_image{\nbox-shadow:none;\n}\n.avia-image-container.av-jhbt8tre-3d254fa20dbceeeb62519e47df16d676 .av-image-caption-overlay-center{\ncolor:#ffffff;\n}\n<\/style>\n<div  class='avia-image-container av-jhbt8tre-3d254fa20dbceeeb62519e47df16d676 av-styling- avia-align-center  avia-builder-el-18  avia-builder-el-no-sibling '   itemprop=\"image\" itemscope=\"itemscope\" itemtype=\"https:\/\/schema.org\/ImageObject\" ><div class=\"avia-image-container-inner\"><div class=\"avia-image-overlay-wrap\"><img decoding=\"async\" fetchpriority=\"high\" class='wp-image-731 avia-img-lazy-loading-not-731 avia_image ' src=\"https:\/\/caldo-heizkoerper.de\/wp-content\/uploads\/amato.jpg\" alt='Radiateurs de salle de bains design Amato' title='Radiateurs de salle de bains design Amato'  height=\"640\" width=\"480\"  itemprop=\"thumbnailUrl\" srcset=\"https:\/\/caldo-heizkoerper.de\/wp-content\/uploads\/amato.jpg 480w, https:\/\/caldo-heizkoerper.de\/wp-content\/uploads\/amato-450x600.jpg 450w\" sizes=\"(max-width: 480px) 100vw, 480px\" \/><\/div><\/div><\/div><\/div>\n<\/p>\n","protected":false},"excerpt":{"rendered":"","protected":false},"author":2,"featured_media":0,"parent":0,"menu_order":0,"comment_status":"closed","ping_status":"closed","template":"","meta":{"footnotes":""},"class_list":["post-685","page","type-page","status-publish","hentry"],"_links":{"self":[{"href":"https:\/\/caldo-heizkoerper.de\/fr\/wp-json\/wp\/v2\/pages\/685","targetHints":{"allow":["GET"]}}],"collection":[{"href":"https:\/\/caldo-heizkoerper.de\/fr\/wp-json\/wp\/v2\/pages"}],"about":[{"href":"https:\/\/caldo-heizkoerper.de\/fr\/wp-json\/wp\/v2\/types\/page"}],"author":[{"embeddable":true,"href":"https:\/\/caldo-heizkoerper.de\/fr\/wp-json\/wp\/v2\/users\/2"}],"replies":[{"embeddable":true,"href":"https:\/\/caldo-heizkoerper.de\/fr\/wp-json\/wp\/v2\/comments?post=685"}],"version-history":[{"count":0,"href":"https:\/\/caldo-heizkoerper.de\/fr\/wp-json\/wp\/v2\/pages\/685\/revisions"}],"wp:attachment":[{"href":"https:\/\/caldo-heizkoerper.de\/fr\/wp-json\/wp\/v2\/media?parent=685"}],"curies":[{"name":"wp","href":"https:\/\/api.w.org\/{rel}","templated":true}]}}