{"id":931,"date":"2018-05-18T12:28:39","date_gmt":"2018-05-18T10:28:39","guid":{"rendered":"https:\/\/caldo-heizkoerper.de\/unternehmen\/"},"modified":"2021-01-18T15:43:02","modified_gmt":"2021-01-18T14:43:02","slug":"entreprises","status":"publish","type":"page","link":"https:\/\/caldo-heizkoerper.de\/fr\/entreprises\/","title":{"rendered":"Entreprises"},"content":{"rendered":"<div id='full_slider_1'  class='avia-fullwidth-slider main_color avia-shadow   avia-builder-el-0  el_before_av_section  avia-builder-el-first   container_wrap fullsize'  ><div  class='avia-slideshow av-b5m22e-269104da53fc503a2d1fdbc92b086b24 avia-slideshow-no scaling av_slideshow_full avia-fade-slider av-slideshow-ui av-control-hidden av-no-slider-navigation av-hide-nav-arrows av-slideshow-autoplay av-loop-endless av-loop-manual-endless av-default-height-applied   avia-slideshow-1' data-slideshow-options=\"{&quot;animation&quot;:&quot;fade&quot;,&quot;autoplay&quot;:true,&quot;loop_autoplay&quot;:&quot;endless&quot;,&quot;interval&quot;:5,&quot;loop_manual&quot;:&quot;manual-endless&quot;,&quot;autoplay_stopper&quot;:false,&quot;noNavigation&quot;:true,&quot;bg_slider&quot;:false,&quot;keep_padding&quot;:false,&quot;hoverpause&quot;:false,&quot;show_slide_delay&quot;:0}\"  itemprop=\"image\" itemscope=\"itemscope\" itemtype=\"https:\/\/schema.org\/ImageObject\" ><ul class='avia-slideshow-inner ' style='padding-bottom: 33.333333333333%;'><li  class='avia-slideshow-slide av-b5m22e-269104da53fc503a2d1fdbc92b086b24__0  slide-1 slide-odd'><div data-rel='slideshow-1' class='avia-slide-wrap '   ><img decoding=\"async\" fetchpriority=\"high\" class=\"wp-image-907 avia-img-lazy-loading-not-907\"  src=\"https:\/\/caldo-heizkoerper.de\/wp-content\/uploads\/unternehmen-1.jpg\" width=\"1920\" height=\"640\" title='unternehmen-1' alt=''  itemprop=\"thumbnailUrl\" srcset=\"https:\/\/caldo-heizkoerper.de\/wp-content\/uploads\/unternehmen-1.jpg 1920w, https:\/\/caldo-heizkoerper.de\/wp-content\/uploads\/unternehmen-1-768x256.jpg 768w, https:\/\/caldo-heizkoerper.de\/wp-content\/uploads\/unternehmen-1-1500x500.jpg 1500w, https:\/\/caldo-heizkoerper.de\/wp-content\/uploads\/unternehmen-1-705x235.jpg 705w, https:\/\/caldo-heizkoerper.de\/wp-content\/uploads\/unternehmen-1-450x150.jpg 450w\" sizes=\"(max-width: 1920px) 100vw, 1920px\" \/><\/div><\/li><li  class='avia-slideshow-slide av-b5m22e-269104da53fc503a2d1fdbc92b086b24__1  slide-2 slide-even'><div data-rel='slideshow-1' class='avia-slide-wrap '   ><img decoding=\"async\" fetchpriority=\"high\" class=\"wp-image-909 avia-img-lazy-loading-not-909\"  src=\"https:\/\/caldo-heizkoerper.de\/wp-content\/uploads\/unternehmen-2.jpg\" width=\"1920\" height=\"640\" title='unternehmen-2' alt=''  itemprop=\"thumbnailUrl\" srcset=\"https:\/\/caldo-heizkoerper.de\/wp-content\/uploads\/unternehmen-2.jpg 1920w, https:\/\/caldo-heizkoerper.de\/wp-content\/uploads\/unternehmen-2-768x256.jpg 768w, https:\/\/caldo-heizkoerper.de\/wp-content\/uploads\/unternehmen-2-1500x500.jpg 1500w, https:\/\/caldo-heizkoerper.de\/wp-content\/uploads\/unternehmen-2-705x235.jpg 705w, https:\/\/caldo-heizkoerper.de\/wp-content\/uploads\/unternehmen-2-450x150.jpg 450w\" sizes=\"(max-width: 1920px) 100vw, 1920px\" \/><\/div><\/li><li  class='avia-slideshow-slide av-b5m22e-269104da53fc503a2d1fdbc92b086b24__2  slide-3 slide-odd'><div data-rel='slideshow-1' class='avia-slide-wrap '   ><img decoding=\"async\" fetchpriority=\"high\" class=\"wp-image-911 avia-img-lazy-loading-not-911\"  src=\"https:\/\/caldo-heizkoerper.de\/wp-content\/uploads\/unternehmen-3.jpg\" width=\"1920\" height=\"640\" title='unternehmen-3' alt=''  itemprop=\"thumbnailUrl\" srcset=\"https:\/\/caldo-heizkoerper.de\/wp-content\/uploads\/unternehmen-3.jpg 1920w, https:\/\/caldo-heizkoerper.de\/wp-content\/uploads\/unternehmen-3-768x256.jpg 768w, https:\/\/caldo-heizkoerper.de\/wp-content\/uploads\/unternehmen-3-1500x500.jpg 1500w, https:\/\/caldo-heizkoerper.de\/wp-content\/uploads\/unternehmen-3-705x235.jpg 705w, https:\/\/caldo-heizkoerper.de\/wp-content\/uploads\/unternehmen-3-450x150.jpg 450w\" sizes=\"(max-width: 1920px) 100vw, 1920px\" \/><\/div><\/li><li  class='avia-slideshow-slide av-b5m22e-269104da53fc503a2d1fdbc92b086b24__3  slide-4 slide-even'><div data-rel='slideshow-1' class='avia-slide-wrap '   ><img decoding=\"async\" fetchpriority=\"high\" class=\"wp-image-913 avia-img-lazy-loading-not-913\"  src=\"https:\/\/caldo-heizkoerper.de\/wp-content\/uploads\/unternehmen-4.jpg\" width=\"1920\" height=\"640\" title='unternehmen-4' alt=''  itemprop=\"thumbnailUrl\" srcset=\"https:\/\/caldo-heizkoerper.de\/wp-content\/uploads\/unternehmen-4.jpg 1920w, https:\/\/caldo-heizkoerper.de\/wp-content\/uploads\/unternehmen-4-768x256.jpg 768w, https:\/\/caldo-heizkoerper.de\/wp-content\/uploads\/unternehmen-4-1500x500.jpg 1500w, https:\/\/caldo-heizkoerper.de\/wp-content\/uploads\/unternehmen-4-705x235.jpg 705w, https:\/\/caldo-heizkoerper.de\/wp-content\/uploads\/unternehmen-4-450x150.jpg 450w\" sizes=\"(max-width: 1920px) 100vw, 1920px\" \/><\/div><\/li><li  class='avia-slideshow-slide av-b5m22e-269104da53fc503a2d1fdbc92b086b24__4  slide-5 slide-odd'><div data-rel='slideshow-1' class='avia-slide-wrap '   ><img decoding=\"async\" fetchpriority=\"high\" class=\"wp-image-915 avia-img-lazy-loading-not-915\"  src=\"https:\/\/caldo-heizkoerper.de\/wp-content\/uploads\/unternehmen-5.jpg\" width=\"1920\" height=\"640\" title='unternehmen-5' alt=''  itemprop=\"thumbnailUrl\" srcset=\"https:\/\/caldo-heizkoerper.de\/wp-content\/uploads\/unternehmen-5.jpg 1920w, https:\/\/caldo-heizkoerper.de\/wp-content\/uploads\/unternehmen-5-768x256.jpg 768w, https:\/\/caldo-heizkoerper.de\/wp-content\/uploads\/unternehmen-5-1500x500.jpg 1500w, https:\/\/caldo-heizkoerper.de\/wp-content\/uploads\/unternehmen-5-705x235.jpg 705w, https:\/\/caldo-heizkoerper.de\/wp-content\/uploads\/unternehmen-5-450x150.jpg 450w\" sizes=\"(max-width: 1920px) 100vw, 1920px\" \/><\/div><\/li><li  class='avia-slideshow-slide av-b5m22e-269104da53fc503a2d1fdbc92b086b24__5  slide-6 slide-even'><div data-rel='slideshow-1' class='avia-slide-wrap '   ><img decoding=\"async\" fetchpriority=\"high\" class=\"wp-image-917 avia-img-lazy-loading-not-917\"  src=\"https:\/\/caldo-heizkoerper.de\/wp-content\/uploads\/unternehmen-6.jpg\" width=\"1920\" height=\"640\" title='unternehmen-6' alt=''  itemprop=\"thumbnailUrl\" srcset=\"https:\/\/caldo-heizkoerper.de\/wp-content\/uploads\/unternehmen-6.jpg 1920w, https:\/\/caldo-heizkoerper.de\/wp-content\/uploads\/unternehmen-6-768x256.jpg 768w, https:\/\/caldo-heizkoerper.de\/wp-content\/uploads\/unternehmen-6-1500x500.jpg 1500w, https:\/\/caldo-heizkoerper.de\/wp-content\/uploads\/unternehmen-6-705x235.jpg 705w, https:\/\/caldo-heizkoerper.de\/wp-content\/uploads\/unternehmen-6-450x150.jpg 450w\" sizes=\"(max-width: 1920px) 100vw, 1920px\" \/><\/div><\/li><li  class='avia-slideshow-slide av-b5m22e-269104da53fc503a2d1fdbc92b086b24__6  slide-7 slide-odd'><div data-rel='slideshow-1' class='avia-slide-wrap '   ><img decoding=\"async\" fetchpriority=\"high\" class=\"wp-image-919 avia-img-lazy-loading-not-919\"  src=\"https:\/\/caldo-heizkoerper.de\/wp-content\/uploads\/unternehmen-7.jpg\" width=\"1920\" height=\"640\" title='unternehmen-7' alt=''  itemprop=\"thumbnailUrl\" srcset=\"https:\/\/caldo-heizkoerper.de\/wp-content\/uploads\/unternehmen-7.jpg 1920w, https:\/\/caldo-heizkoerper.de\/wp-content\/uploads\/unternehmen-7-768x256.jpg 768w, https:\/\/caldo-heizkoerper.de\/wp-content\/uploads\/unternehmen-7-1500x500.jpg 1500w, https:\/\/caldo-heizkoerper.de\/wp-content\/uploads\/unternehmen-7-705x235.jpg 705w, https:\/\/caldo-heizkoerper.de\/wp-content\/uploads\/unternehmen-7-450x150.jpg 450w\" sizes=\"(max-width: 1920px) 100vw, 1920px\" \/><\/div><\/li><li  class='avia-slideshow-slide av-b5m22e-269104da53fc503a2d1fdbc92b086b24__7  slide-8 slide-even'><div data-rel='slideshow-1' class='avia-slide-wrap '   ><img decoding=\"async\" fetchpriority=\"high\" class=\"wp-image-921 avia-img-lazy-loading-not-921\"  src=\"https:\/\/caldo-heizkoerper.de\/wp-content\/uploads\/unternehmen-8.jpg\" width=\"1920\" height=\"640\" title='unternehmen-8' alt=''  itemprop=\"thumbnailUrl\" srcset=\"https:\/\/caldo-heizkoerper.de\/wp-content\/uploads\/unternehmen-8.jpg 1920w, https:\/\/caldo-heizkoerper.de\/wp-content\/uploads\/unternehmen-8-768x256.jpg 768w, https:\/\/caldo-heizkoerper.de\/wp-content\/uploads\/unternehmen-8-1500x500.jpg 1500w, https:\/\/caldo-heizkoerper.de\/wp-content\/uploads\/unternehmen-8-705x235.jpg 705w, https:\/\/caldo-heizkoerper.de\/wp-content\/uploads\/unternehmen-8-450x150.jpg 450w\" sizes=\"(max-width: 1920px) 100vw, 1920px\" \/><\/div><\/li><li  class='avia-slideshow-slide av-b5m22e-269104da53fc503a2d1fdbc92b086b24__8  slide-9 slide-odd'><div data-rel='slideshow-1' class='avia-slide-wrap '   ><img decoding=\"async\" fetchpriority=\"high\" class=\"wp-image-923 avia-img-lazy-loading-not-923\"  src=\"https:\/\/caldo-heizkoerper.de\/wp-content\/uploads\/unternehmen-9.jpg\" width=\"1920\" height=\"640\" title='unternehmen-9' alt=''  itemprop=\"thumbnailUrl\" srcset=\"https:\/\/caldo-heizkoerper.de\/wp-content\/uploads\/unternehmen-9.jpg 1920w, https:\/\/caldo-heizkoerper.de\/wp-content\/uploads\/unternehmen-9-768x256.jpg 768w, https:\/\/caldo-heizkoerper.de\/wp-content\/uploads\/unternehmen-9-1500x500.jpg 1500w, https:\/\/caldo-heizkoerper.de\/wp-content\/uploads\/unternehmen-9-705x235.jpg 705w, https:\/\/caldo-heizkoerper.de\/wp-content\/uploads\/unternehmen-9-450x150.jpg 450w\" sizes=\"(max-width: 1920px) 100vw, 1920px\" \/><\/div><\/li><li  class='avia-slideshow-slide av-b5m22e-269104da53fc503a2d1fdbc92b086b24__9  slide-10 slide-even'><div data-rel='slideshow-1' class='avia-slide-wrap '   ><img decoding=\"async\" fetchpriority=\"high\" class=\"wp-image-925 avia-img-lazy-loading-not-925\"  src=\"https:\/\/caldo-heizkoerper.de\/wp-content\/uploads\/unternehmen-10.jpg\" width=\"1920\" height=\"640\" title='unternehmen-10' alt=''  itemprop=\"thumbnailUrl\" srcset=\"https:\/\/caldo-heizkoerper.de\/wp-content\/uploads\/unternehmen-10.jpg 1920w, https:\/\/caldo-heizkoerper.de\/wp-content\/uploads\/unternehmen-10-768x256.jpg 768w, https:\/\/caldo-heizkoerper.de\/wp-content\/uploads\/unternehmen-10-1500x500.jpg 1500w, https:\/\/caldo-heizkoerper.de\/wp-content\/uploads\/unternehmen-10-705x235.jpg 705w, https:\/\/caldo-heizkoerper.de\/wp-content\/uploads\/unternehmen-10-450x150.jpg 450w\" sizes=\"(max-width: 1920px) 100vw, 1920px\" \/><\/div><\/li><\/ul><div class='avia-slideshow-arrows avia-slideshow-controls' ><a href='#prev' class='prev-slide  avia-svg-icon avia-font-svg_entypo-fontello' data-av_svg_icon='left-open-big' data-av_iconset='svg_entypo-fontello' tabindex='-1' title=\"Pr\u00e9c\u00e9dent\"><svg version=\"1.1\" xmlns=\"http:\/\/www.w3.org\/2000\/svg\" width=\"15\" height=\"32\" viewBox=\"0 0 15 32\" preserveAspectRatio=\"xMidYMid meet\" aria-labelledby='av-svg-title-1' aria-describedby='av-svg-desc-1' role=\"graphics-symbol\" aria-hidden=\"true\">\n<title id='av-svg-title-1'>Pr\u00e9c\u00e9dent<\/title>\n<desc id='av-svg-desc-1'>Pr\u00e9c\u00e9dent<\/desc>\n<path d=\"M14.464 27.84q0.832 0.832 0 1.536-0.832 0.832-1.536 0l-12.544-12.608q-0.768-0.768 0-1.6l12.544-12.608q0.704-0.832 1.536 0 0.832 0.704 0 1.536l-11.456 11.904z\"><\/path>\n<\/svg><span class='avia_hidden_link_text'>Pr\u00e9c\u00e9dent<\/span><\/a><a href='#next' class='next-slide  avia-svg-icon avia-font-svg_entypo-fontello' data-av_svg_icon='right-open-big' data-av_iconset='svg_entypo-fontello' tabindex='-1' title=\"Suivant\"><svg version=\"1.1\" xmlns=\"http:\/\/www.w3.org\/2000\/svg\" width=\"15\" height=\"32\" viewBox=\"0 0 15 32\" preserveAspectRatio=\"xMidYMid meet\" aria-labelledby='av-svg-title-2' aria-describedby='av-svg-desc-2' role=\"graphics-symbol\" aria-hidden=\"true\">\n<title id='av-svg-title-2'>Suivant<\/title>\n<desc id='av-svg-desc-2'>Suivant<\/desc>\n<path d=\"M0.416 27.84l11.456-11.84-11.456-11.904q-0.832-0.832 0-1.536 0.832-0.832 1.536 0l12.544 12.608q0.768 0.832 0 1.6l-12.544 12.608q-0.704 0.832-1.536 0-0.832-0.704 0-1.536z\"><\/path>\n<\/svg><span class='avia_hidden_link_text'>Suivant<\/span><\/a><\/div><\/div><\/div>\n\n<style type=\"text\/css\" data-created_by=\"avia_inline_auto\" id=\"style-css-av-jt792-cf528edbcc44cef1b9f135d3a5880ef3\">\n.avia-section.av-jt792-cf528edbcc44cef1b9f135d3a5880ef3{\nbackground-color:#616161;\nbackground-image:unset;\n}\n<\/style>\n<div id='av_section_1'  class='avia-section av-jt792-cf528edbcc44cef1b9f135d3a5880ef3 main_color avia-section-large avia-no-border-styling  avia-builder-el-1  el_after_av_slideshow_full  el_before_av_section  avia-bg-style-scroll container_wrap fullsize'  ><div class='container av-section-cont-open' ><div class='template-page content  av-content-full alpha units'><div class='post-entry post-entry-type-page post-entry-931'><div class='entry-content-wrapper clearfix'>\n\n<style type=\"text\/css\" data-created_by=\"avia_inline_auto\" id=\"style-css-av-62gm-024b5cd686f4855ef5d04cd654d9ea7e\">\n.flex_column.av-62gm-024b5cd686f4855ef5d04cd654d9ea7e{\nborder-radius:0px 0px 0px 0px;\npadding:0px 0px 0px 0px;\n}\n<\/style>\n<div  class='flex_column av-62gm-024b5cd686f4855ef5d04cd654d9ea7e av_one_full  avia-builder-el-2  avia-builder-el-no-sibling  first flex_column_div av-zero-column-padding  '     ><style type=\"text\/css\" data-created_by=\"avia_inline_auto\" id=\"style-css-av-jhbujnim-680eabed76201bcbb548af86248b9316\">\n#top .av-special-heading.av-jhbujnim-680eabed76201bcbb548af86248b9316{\npadding-bottom:0;\ncolor:#ffffff;\nfont-size:36px;\n}\nbody .av-special-heading.av-jhbujnim-680eabed76201bcbb548af86248b9316 .av-special-heading-tag .heading-char{\nfont-size:25px;\n}\n#top #wrap_all .av-special-heading.av-jhbujnim-680eabed76201bcbb548af86248b9316 .av-special-heading-tag{\nfont-size:36px;\n}\n.av-special-heading.av-jhbujnim-680eabed76201bcbb548af86248b9316 .special-heading-inner-border{\nborder-color:#ffffff;\n}\n.av-special-heading.av-jhbujnim-680eabed76201bcbb548af86248b9316 .av-subheading{\nfont-size:15px;\n}\n\n@media only screen and (min-width: 480px) and (max-width: 767px){ \n#top #wrap_all .av-special-heading.av-jhbujnim-680eabed76201bcbb548af86248b9316 .av-special-heading-tag{\nfont-size:0.8em;\n}\n}\n\n@media only screen and (max-width: 479px){ \n#top #wrap_all .av-special-heading.av-jhbujnim-680eabed76201bcbb548af86248b9316 .av-special-heading-tag{\nfont-size:0.8em;\n}\n}\n<\/style>\n<div  class='av-special-heading av-jhbujnim-680eabed76201bcbb548af86248b9316 av-special-heading-h1 custom-color-heading blockquote modern-quote  avia-builder-el-3  avia-builder-el-no-sibling  av-inherit-size'><h1 class='av-special-heading-tag '  itemprop=\"headline\"  >L\u2019Entreprise<\/h1><div class=\"special-heading-border\"><div class=\"special-heading-inner-border\"><\/div><\/div><\/div><\/div>\n\n<\/div><\/div><\/div><!-- close content main div --><\/div><\/div>\n<style type=\"text\/css\" data-created_by=\"avia_inline_auto\" id=\"style-css-av-awtvcm-7f6ab122c121e36697f09912ef513fdf\">\n.avia-section.av-awtvcm-7f6ab122c121e36697f09912ef513fdf{\nbackground-color:#ffffff;\nbackground-image:unset;\n}\n<\/style>\n<div id='av_section_2'  class='avia-section av-awtvcm-7f6ab122c121e36697f09912ef513fdf main_color avia-section-large avia-no-border-styling  avia-builder-el-4  el_after_av_section  avia-builder-el-last  avia-bg-style-scroll container_wrap fullsize'  ><div class='container av-section-cont-open' ><div class='template-page content  av-content-full alpha units'><div class='post-entry post-entry-type-page post-entry-931'><div class='entry-content-wrapper clearfix'>\n\n<style type=\"text\/css\" data-created_by=\"avia_inline_auto\" id=\"style-css-av-e9ts6-df77c7860e3d79cdf19b03c2c2b2766a\">\n.flex_column.av-e9ts6-df77c7860e3d79cdf19b03c2c2b2766a{\nborder-radius:0px 0px 0px 0px;\npadding:0px 0px 0px 0px;\n}\n<\/style>\n<div  class='flex_column av-e9ts6-df77c7860e3d79cdf19b03c2c2b2766a av_two_third  avia-builder-el-5  el_before_av_one_third  avia-builder-el-first  first flex_column_div av-zero-column-padding  '     ><p>\n<style type=\"text\/css\" data-created_by=\"avia_inline_auto\" id=\"style-css-av-r2qj0-e9b24dd2f0d3e2957ff2e0b3eed37515\">\n#top .av-special-heading.av-r2qj0-e9b24dd2f0d3e2957ff2e0b3eed37515{\npadding-bottom:10px;\n}\nbody .av-special-heading.av-r2qj0-e9b24dd2f0d3e2957ff2e0b3eed37515 .av-special-heading-tag .heading-char{\nfont-size:25px;\n}\n.av-special-heading.av-r2qj0-e9b24dd2f0d3e2957ff2e0b3eed37515 .av-subheading{\nfont-size:15px;\n}\n<\/style>\n<div  class='av-special-heading av-r2qj0-e9b24dd2f0d3e2957ff2e0b3eed37515 av-special-heading-h2 blockquote modern-quote  avia-builder-el-6  el_before_av_textblock  avia-builder-el-first '><h2 class='av-special-heading-tag '  itemprop=\"headline\"  > Sp\u00e9cialiste des radiateurs<\/h2><div class=\"special-heading-border\"><div class=\"special-heading-inner-border\"><\/div><\/div><\/div><br \/>\n<section  class='av_textblock_section av-jhbt4q5i-4b7495b7b71b1184d76a4e147693efd6 '   itemscope=\"itemscope\" itemtype=\"https:\/\/schema.org\/CreativeWork\" ><div class='avia_textblock'  itemprop=\"text\" ><p>Le nom de radiateur \u00b0 Caldo est synonyme d&#8217;une r\u00e9ussite unique.<\/p>\n<p>Tout a commenc\u00e9 avec le radiateur de salle de bain Evelino\u00ae il y a pr\u00e8s de 20 ans. Il y a 10 ans, nous avons d\u00e9cid\u00e9 d&#8217;inclure la connexion centrale avec un fil externe \u00be \u201cdans le programme. Une ferrure de raccordement avec un couvercle \u00e9l\u00e9gant (disponible en option) dissimule les connexions disgracieuses sur le radiateur et compl\u00e8te l&#8217;image harmonieuse.<\/p>\n<p>Entre-temps, la gamme de produits a \u00e9t\u00e9 \u00e9largie pour inclure des radiateurs design de haute qualit\u00e9. Le radiateur de salle de bain AMATO, par exemple, est \u00e9quip\u00e9 d&#8217;un couvercle design brillant et d&#8217;un socle thermostat parfaitement int\u00e9gr\u00e9.<\/p>\n<p>La forme du radiateur de salle de bain TORO, qui est ouvert d&#8217;un c\u00f4t\u00e9, rend encore plus pratique l&#8217;accrochage des textiles. Les connexions universelles permettent au radiateur d&#8217;\u00eatre mont\u00e9 individuellement du c\u00f4t\u00e9 souhait\u00e9.<\/p>\n<\/div><\/section><br \/>\n\n<style type=\"text\/css\" data-created_by=\"avia_inline_auto\" id=\"style-css-av-mkjsk-39f60c51a93f265e8d9240af1fc9b4c6\">\n#top .av-special-heading.av-mkjsk-39f60c51a93f265e8d9240af1fc9b4c6{\npadding-bottom:10px;\n}\nbody .av-special-heading.av-mkjsk-39f60c51a93f265e8d9240af1fc9b4c6 .av-special-heading-tag .heading-char{\nfont-size:25px;\n}\n.av-special-heading.av-mkjsk-39f60c51a93f265e8d9240af1fc9b4c6 .av-subheading{\nfont-size:15px;\n}\n<\/style>\n<div  class='av-special-heading av-mkjsk-39f60c51a93f265e8d9240af1fc9b4c6 av-special-heading-h2 blockquote modern-quote  avia-builder-el-8  el_after_av_textblock  el_before_av_textblock '><h2 class='av-special-heading-tag '  itemprop=\"headline\"  >Notre R\u00e9clamation<\/h2><div class=\"special-heading-border\"><div class=\"special-heading-inner-border\"><\/div><\/div><\/div><br \/>\n<section  class='av_textblock_section av-jhbt4q5i-4b7495b7b71b1184d76a4e147693efd6 '   itemscope=\"itemscope\" itemtype=\"https:\/\/schema.org\/CreativeWork\" ><div class='avia_textblock'  itemprop=\"text\" ><p>Les radiateurs \u00b0Caldo allient chaleur, design attrayant et fonctionnalit\u00e9 \u00e9lev\u00e9e.<\/p>\n<p>Un haut niveau de comp\u00e9tence technique, un standard de qualit\u00e9 \u00e9lev\u00e9, une orientation client coh\u00e9rente et un bon rapport qualit\u00e9-prix sont pour nous tr\u00e8s importants depuis de nombreuses ann\u00e9es.<\/p>\n<p>Nos collaborateurs motiv\u00e9s vivent au quotidien le dialogue partenarial avec nos clients. Des responsabilit\u00e9s claires, une hi\u00e9rarchie plate et les d\u00e9cisions rapides associ\u00e9es font de nous un partenaire attractif pour vous.<\/p>\n<\/div><\/section><br \/>\n\n<style type=\"text\/css\" data-created_by=\"avia_inline_auto\" id=\"style-css-av-ftd5w-58b4b2fe9b9778b2504d02e2ee8563f4\">\n#top .av-special-heading.av-ftd5w-58b4b2fe9b9778b2504d02e2ee8563f4{\npadding-bottom:10px;\n}\nbody .av-special-heading.av-ftd5w-58b4b2fe9b9778b2504d02e2ee8563f4 .av-special-heading-tag .heading-char{\nfont-size:25px;\n}\n.av-special-heading.av-ftd5w-58b4b2fe9b9778b2504d02e2ee8563f4 .av-subheading{\nfont-size:15px;\n}\n<\/style>\n<div  class='av-special-heading av-ftd5w-58b4b2fe9b9778b2504d02e2ee8563f4 av-special-heading-h2 blockquote modern-quote  avia-builder-el-10  el_after_av_textblock  el_before_av_textblock '><h2 class='av-special-heading-tag '  itemprop=\"headline\"  >Nos March\u00e9s<\/h2><div class=\"special-heading-border\"><div class=\"special-heading-inner-border\"><\/div><\/div><\/div><br \/>\n<section  class='av_textblock_section av-jhbt4q5i-4b7495b7b71b1184d76a4e147693efd6 '   itemscope=\"itemscope\" itemtype=\"https:\/\/schema.org\/CreativeWork\" ><div class='avia_textblock'  itemprop=\"text\" ><p>Nous sommes clairement engag\u00e9s dans le canal de distribution en 3 \u00e9tapes. C&#8217;est le seul moyen de garantir des conseils professionnels et les meilleurs sur les expositions, une livraison fiable et \u00e0 court terme, une installation professionnelle et un service apr\u00e8s-vente.<\/p>\n<\/div><\/section><br \/>\n\n<style type=\"text\/css\" data-created_by=\"avia_inline_auto\" id=\"style-css-av-v1j8-e6557ea441661030308206d0d9769fc7\">\n#top .av-special-heading.av-v1j8-e6557ea441661030308206d0d9769fc7{\npadding-bottom:10px;\n}\nbody .av-special-heading.av-v1j8-e6557ea441661030308206d0d9769fc7 .av-special-heading-tag .heading-char{\nfont-size:25px;\n}\n.av-special-heading.av-v1j8-e6557ea441661030308206d0d9769fc7 .av-subheading{\nfont-size:15px;\n}\n<\/style>\n<div  class='av-special-heading av-v1j8-e6557ea441661030308206d0d9769fc7 av-special-heading-h2 blockquote modern-quote  avia-builder-el-12  el_after_av_textblock  el_before_av_textblock '><h2 class='av-special-heading-tag '  itemprop=\"headline\"  >Nos produits<\/h2><div class=\"special-heading-border\"><div class=\"special-heading-inner-border\"><\/div><\/div><\/div><br \/>\n<section  class='av_textblock_section av-jhbt4q5i-4b7495b7b71b1184d76a4e147693efd6 '   itemscope=\"itemscope\" itemtype=\"https:\/\/schema.org\/CreativeWork\" ><div class='avia_textblock'  itemprop=\"text\" ><p>Chaleur confortable et design moderne<\/p>\n<p>Nous recherchons la chaleur dans toutes nos vies. Nos radiateurs \u00b0 Caldo offrent un confort douillet et un haut niveau de confort. Les radiateurs \u00e9l\u00e9gants font bonne figure non seulement dans la salle de bain, mais \u00e9galement dans le salon. Notre gamme de produits comprend une large gamme de radiateurs design.<\/p>\n<p>\u00b0 Les radiateurs Caldo s&#8217;int\u00e8grent parfaitement dans une ambiance moderne.<\/p>\n<p>Une large gamme d&#8217;accessoires compl\u00e8te le programme.<\/p>\n<p>La production est certifi\u00e9e ISO 9001.<\/p>\n<\/div><\/section><\/p><\/div>\n<style type=\"text\/css\" data-created_by=\"avia_inline_auto\" id=\"style-css-av-91k06-810a07d2325970bfc50b27d784910815\">\n.flex_column.av-91k06-810a07d2325970bfc50b27d784910815{\nborder-radius:0px 0px 0px 0px;\npadding:0px 0px 0px 0px;\n}\n<\/style>\n<div  class='flex_column av-91k06-810a07d2325970bfc50b27d784910815 av_one_third  avia-builder-el-14  el_after_av_two_third  avia-builder-el-last  flex_column_div av-zero-column-padding  '     ><style type=\"text\/css\" data-created_by=\"avia_inline_auto\" id=\"style-css-av-jhbt8tre-b65c87e56179e7ddea6385885fca3e0c\">\n.avia-image-container.av-jhbt8tre-b65c87e56179e7ddea6385885fca3e0c img.avia_image{\nbox-shadow:none;\n}\n.avia-image-container.av-jhbt8tre-b65c87e56179e7ddea6385885fca3e0c .av-image-caption-overlay-center{\ncolor:#ffffff;\n}\n<\/style>\n<div  class='avia-image-container av-jhbt8tre-b65c87e56179e7ddea6385885fca3e0c av-styling- avia-align-center  avia-builder-el-15  avia-builder-el-no-sibling '   itemprop=\"image\" itemscope=\"itemscope\" itemtype=\"https:\/\/schema.org\/ImageObject\" ><div class=\"avia-image-container-inner\"><div class=\"avia-image-overlay-wrap\"><img decoding=\"async\" fetchpriority=\"high\" class='wp-image-735 avia-img-lazy-loading-not-735 avia_image ' src=\"https:\/\/caldo-heizkoerper.de\/wp-content\/uploads\/werk_1.jpg\" alt='' title='werk_1'  height=\"640\" width=\"480\"  itemprop=\"thumbnailUrl\" srcset=\"https:\/\/caldo-heizkoerper.de\/wp-content\/uploads\/werk_1.jpg 480w, https:\/\/caldo-heizkoerper.de\/wp-content\/uploads\/werk_1-450x600.jpg 450w\" sizes=\"(max-width: 480px) 100vw, 480px\" \/><\/div><\/div><\/div><\/div>\n\n","protected":false},"excerpt":{"rendered":"","protected":false},"author":2,"featured_media":0,"parent":0,"menu_order":0,"comment_status":"closed","ping_status":"closed","template":"","meta":{"footnotes":""},"class_list":["post-931","page","type-page","status-publish","hentry"],"_links":{"self":[{"href":"https:\/\/caldo-heizkoerper.de\/fr\/wp-json\/wp\/v2\/pages\/931","targetHints":{"allow":["GET"]}}],"collection":[{"href":"https:\/\/caldo-heizkoerper.de\/fr\/wp-json\/wp\/v2\/pages"}],"about":[{"href":"https:\/\/caldo-heizkoerper.de\/fr\/wp-json\/wp\/v2\/types\/page"}],"author":[{"embeddable":true,"href":"https:\/\/caldo-heizkoerper.de\/fr\/wp-json\/wp\/v2\/users\/2"}],"replies":[{"embeddable":true,"href":"https:\/\/caldo-heizkoerper.de\/fr\/wp-json\/wp\/v2\/comments?post=931"}],"version-history":[{"count":0,"href":"https:\/\/caldo-heizkoerper.de\/fr\/wp-json\/wp\/v2\/pages\/931\/revisions"}],"wp:attachment":[{"href":"https:\/\/caldo-heizkoerper.de\/fr\/wp-json\/wp\/v2\/media?parent=931"}],"curies":[{"name":"wp","href":"https:\/\/api.w.org\/{rel}","templated":true}]}}